{"id":24,"date":"2022-11-13T16:01:23","date_gmt":"2022-11-13T15:01:23","guid":{"rendered":"https:\/\/loop-tech.pl\/?page_id=24"},"modified":"2024-01-08T10:05:20","modified_gmt":"2024-01-08T09:05:20","slug":"loopgun","status":"publish","type":"page","link":"https:\/\/loop-tech.pl\/?page_id=24","title":{"rendered":"LooPGuN"},"content":{"rendered":"\n<pre class=\"wp-block-preformatted has-black-color has-white-background-color has-text-color has-background has-medium-font-size\" style=\"font-style:normal;font-weight:600\">Marka LooPGuN kt\u00f3rej w\u0142a\u015bcicielem jest nasza firma zajmuje si\u0119 produkcj\u0105 akcesori\u00f3w strzelecki i militarnych , produkujemy bipody, szyny monta\u017cowe, adaptery t\u0142umik\u00f3w do broni pneumatycznej, sportowej i palnej. Posiadamy w\u0142asne konstrukcja jak i wykonujemy indywidualne projekty.<\/pre>\n\n\n\n<div class=\"wp-block-buttons is-content-justification-center is-layout-flex wp-container-core-buttons-is-layout-16018d1d wp-block-buttons-is-layout-flex\">\n<div class=\"wp-block-button\"><a class=\"wp-block-button__link wp-element-button\" href=\"https:\/\/loop-tech.pl\/?page_id=244\">Akcesoria strzeleckie<\/a><\/div>\n\n\n\n<div class=\"wp-block-button\"><a class=\"wp-block-button__link wp-element-button\" href=\"https:\/\/loop-tech.pl\/?page_id=279\">Sklep<\/a><\/div>\n<\/div>\n","protected":false},"excerpt":{"rendered":"<p>Marka LooPGuN kt\u00f3rej w\u0142a\u015bcicielem jest nasza firma zajmuje si\u0119 produkcj\u0105 akcesori\u00f3w strzelecki i militarnych , produkujemy bipody, szyny monta\u017cowe, adaptery t\u0142umik\u00f3w do broni pneumatycznej, sportowej i palnej. Posiadamy w\u0142asne konstrukcja jak i wykonujemy indywidualne projekty.<\/p>\n","protected":false},"author":1,"featured_media":0,"parent":0,"menu_order":0,"comment_status":"closed","ping_status":"closed","template":"","meta":{"footnotes":""},"class_list":["post-24","page","type-page","status-publish","hentry"],"_links":{"self":[{"href":"https:\/\/loop-tech.pl\/index.php?rest_route=\/wp\/v2\/pages\/24","targetHints":{"allow":["GET"]}}],"collection":[{"href":"https:\/\/loop-tech.pl\/index.php?rest_route=\/wp\/v2\/pages"}],"about":[{"href":"https:\/\/loop-tech.pl\/index.php?rest_route=\/wp\/v2\/types\/page"}],"author":[{"embeddable":true,"href":"https:\/\/loop-tech.pl\/index.php?rest_route=\/wp\/v2\/users\/1"}],"replies":[{"embeddable":true,"href":"https:\/\/loop-tech.pl\/index.php?rest_route=%2Fwp%2Fv2%2Fcomments&post=24"}],"version-history":[{"count":5,"href":"https:\/\/loop-tech.pl\/index.php?rest_route=\/wp\/v2\/pages\/24\/revisions"}],"predecessor-version":[{"id":282,"href":"https:\/\/loop-tech.pl\/index.php?rest_route=\/wp\/v2\/pages\/24\/revisions\/282"}],"wp:attachment":[{"href":"https:\/\/loop-tech.pl\/index.php?rest_route=%2Fwp%2Fv2%2Fmedia&parent=24"}],"curies":[{"name":"wp","href":"https:\/\/api.w.org\/{rel}","templated":true}]}}