{"id":408,"date":"2026-04-09T12:17:24","date_gmt":"2026-04-09T10:17:24","guid":{"rendered":"https:\/\/loop-tech.pl\/?page_id=408"},"modified":"2026-04-09T12:24:29","modified_gmt":"2026-04-09T10:24:29","slug":"uslugi","status":"publish","type":"page","link":"https:\/\/loop-tech.pl\/?page_id=408","title":{"rendered":"Us\u0142ugi"},"content":{"rendered":"\n<ul class=\"wp-block-list\">\n<li>Grawerowanie oraz ci\u0119cie na profesjonalnym ploterze laserowym Co2 o polu roboczym 600x900mm (maksymalny rozmiar detalu 600x900mm ,st\u00f3\u0142 przelotowy o szeroko\u015bci 1000mm) <\/li>\n\n\n\n<li>Ci\u0119cie oraz grawerowanie na ploterze tn\u0105cym CNC o polu roboczym 500x500x170mm materia\u0142\u00f3w drewnopochodnych , tworzyw sztucznych , metali kolorowych<\/li>\n\n\n\n<li>Toczenie oraz frezowanie na maszynach konwencjonalnych<\/li>\n\n\n\n<li>Wykonywanie nadruk\u00f3w na tekstyliach przy pomocy folii flex (maksymalny rozmiar pojedynczego detalu 300x300mm)<\/li>\n\n\n\n<li>Naprawa rakiet do badmintona ( wymiana naci\u0105g\u00f3w ) na profesjonalnej maszynie<\/li>\n<\/ul>\n","protected":false},"excerpt":{"rendered":"","protected":false},"author":1,"featured_media":0,"parent":0,"menu_order":0,"comment_status":"closed","ping_status":"closed","template":"","meta":{"footnotes":""},"class_list":["post-408","page","type-page","status-publish","hentry"],"_links":{"self":[{"href":"https:\/\/loop-tech.pl\/index.php?rest_route=\/wp\/v2\/pages\/408","targetHints":{"allow":["GET"]}}],"collection":[{"href":"https:\/\/loop-tech.pl\/index.php?rest_route=\/wp\/v2\/pages"}],"about":[{"href":"https:\/\/loop-tech.pl\/index.php?rest_route=\/wp\/v2\/types\/page"}],"author":[{"embeddable":true,"href":"https:\/\/loop-tech.pl\/index.php?rest_route=\/wp\/v2\/users\/1"}],"replies":[{"embeddable":true,"href":"https:\/\/loop-tech.pl\/index.php?rest_route=%2Fwp%2Fv2%2Fcomments&post=408"}],"version-history":[{"count":2,"href":"https:\/\/loop-tech.pl\/index.php?rest_route=\/wp\/v2\/pages\/408\/revisions"}],"predecessor-version":[{"id":413,"href":"https:\/\/loop-tech.pl\/index.php?rest_route=\/wp\/v2\/pages\/408\/revisions\/413"}],"wp:attachment":[{"href":"https:\/\/loop-tech.pl\/index.php?rest_route=%2Fwp%2Fv2%2Fmedia&parent=408"}],"curies":[{"name":"wp","href":"https:\/\/api.w.org\/{rel}","templated":true}]}}